{"id":11,"date":"2026-01-25T18:29:13","date_gmt":"2026-01-25T17:29:13","guid":{"rendered":"http:\/\/rownoscszansanarozwoj.cityschool.pl\/?page_id=11"},"modified":"2026-01-26T11:28:20","modified_gmt":"2026-01-26T10:28:20","slug":"oferowane-wsparcie","status":"publish","type":"page","link":"http:\/\/rownoscszansanarozwoj.cityschool.pl\/?page_id=11","title":{"rendered":"OFEROWANE WSPARCIE"},"content":{"rendered":"\n<p class=\"has-light-gray-background-color has-background\"><strong>FORMY WSPARCIA REALIZOWANE W RAMMACH PROJEKTU DLA 60 KOBIET BEZ ZATRUDNIENIA&nbsp;<\/strong><\/p>\n\n\n\n<p><strong>DIAGNOZA POTREB I POTENCJA\u0141\u00d3W Z OPRACOWANIEM \/ AKTUALIZACJA&nbsp;INDYWIDUALNEGO PLANU DZIA\u0141ANIA&nbsp;<\/strong><\/p>\n\n\n\n<p>Wsparcie przewidziane dla 60 kobiet bez\u00a0zatrudnienia,\u00a0(2 godziny zegarowe z doradc\u0105\/czyni\u0105 zawodowym\/\u0105 dostosowane do indywidualnych potrzeb i mo\u017cliwo\u015bci Uczestniczki projektu w formie 1 spotkania zako\u0144czone opracowaniem IPD).\u00a0<\/p>\n\n\n\n<p>Cel: Identyfikacja potrzeb os\u00f3b pozostaj\u0105cych bez zatrudnienia, w tym poprzez diagnozowanie potrzeb szkoleniowych lub walidacyjnych (potwierdzenie nabytych wcze\u015bniej kwalifikacji i kompetencji), mo\u017cliwo\u015bci doskonalenia zawodowego oraz opracowanie \/aktualizacja dla ka\u017cdej uczestniczki Indywidualnego Planu Dzia\u0142ania, okre\u015blaj\u0105cego zakres wsparcia udzielanego danej osobie.&nbsp;<\/p>\n\n\n\n<p>Zakres wsparcia:&nbsp;Dok\u0142adna analiza potrzeb Uczestniczek projektu i wytyczenie dalszej \u015bcie\u017cki rozwoju zawodowego w kontek\u015bcie indywidualnych predyspozycji pomo\u017ce w\u0142a\u015bciwie ukierunkowa\u0107 dalsze wsparcie.&nbsp;<\/p>\n\n\n\n<p>Warunek rozpocz\u0119cia:&nbsp;zakwalifikowanie do projektu&nbsp;<br>Warunek zako\u0144czenia:&nbsp;100% obecno\u015bci na zaj\u0119ciach oraz docelowo opracowanie\/aktualizacja IPD&nbsp;<\/p>\n\n\n\n<p><strong>WARSZTATY R\u00d3WNO\u015a\u0106 KOBIET I M\u0118\u017bCZYZN&nbsp;<\/strong><\/p>\n\n\n\n<p>Wsparcie przewidziane dla 60 kobiet bez zatrudnienia (8 godzin dydaktycznych x 1 spotkanie) dla 60 Uczestniczek projektu (5 grup x 12 kobiet)&nbsp;<\/p>\n\n\n\n<p>Cel: Podniesienie wiedzy o r\u00f3wno\u015bci p\u0142ci przez kobiety pozostaj\u0105ce bez zatrudnienia&nbsp;pomo\u017ce im w poszukiwaniu\/znalezieniu odpowiedniego zatrudnienia, umo\u017cliwiaj\u0105cego godzenie \u017cycia zawodowego z prywatnym, negocjowaniu warunk\u00f3w pracy i p\u0142acy oraz budowaniu pewno\u015bci siebie.&nbsp;<\/p>\n\n\n\n<p>Zakres wsparcia merytoryczny:&nbsp;<\/p>\n\n\n\n<p>MODU\u0141 1&nbsp; &#8211; PODSTAWY R\u00d3WNO\u015aCI KOBIET I M\u0118\u017bCZYZN&nbsp;<\/p>\n\n\n\n<p>&#8211; Co to jest r\u00f3wno\u015b\u0107 p\u0142ci?&nbsp;<br>&#8211; Prawa kobiet w Polsce i w UE&nbsp;<br>&#8211; Stereotypy p\u0142ciowe i ich wp\u0142yw na karier\u0119 zawodow\u0105&nbsp;<\/p>\n\n\n\n<p>MODU\u0141 2&nbsp;&#8211; SYTUACJA KOBIET NA RYNKU PRACY&nbsp;<\/p>\n\n\n\n<p>&#8211; Dyskryminacja i nier\u00f3wno\u015bci p\u0142acowe&nbsp;<br>&#8211; Bariery w dost\u0119pie do zatrudnienia i awansu&nbsp;<br>&#8211; Mo\u017cliwo\u015bci dla kobiet na rynku pracy&nbsp;<\/p>\n\n\n\n<p>MODU\u0141 3&nbsp;&#8211; GODZENIE \u017bYCIA ZAWODOWEGO I PRYWATNEGO&nbsp;<\/p>\n\n\n\n<p>&#8211; Wyzwania zwi\u0105zane z \u0142\u0105czeniem pracy i \u017cycia rodzinnego&nbsp;<br>&#8211; Strategie organizacji czasu i obowi\u0105zk\u00f3w&nbsp;<\/p>\n\n\n\n<p>MODU\u0141 4 &#8211; EFEKTYWNE ZARZ\u0104DZANIE CZASEM&nbsp;<\/p>\n\n\n\n<p>&#8211; Planowanie dnia i ustalanie priorytet\u00f3w&nbsp;<br>&#8211; Delegowanie obowi\u0105zk\u00f3w&nbsp;<\/p>\n\n\n\n<p>MODU\u0141 5 &#8211; WSPARCIE DLA KOBIET NA RYNKU PRACY&nbsp;<\/p>\n\n\n\n<p>&#8211; Elastyczne formy zatrudnienia&nbsp;<\/p>\n\n\n\n<p>Warunek&nbsp;rozpocz\u0119cia: wsparcie obligatoryjne dla wszystkich UP, przyst\u0105pienie do&nbsp;pre-testu&nbsp;<br>Warunek zako\u0144czenia: 100% frekwencji, przyst\u0105pienie do post-testu&nbsp;<\/p>\n\n\n\n<p><strong>SZKOLENIE ZAWODOWE&nbsp;<\/strong><\/p>\n\n\n\n<p>Wsparcie przewidziane dla 60 kobiet bez zatrudnienia (\u015brednio 60 godzin dydaktycznych tj.&nbsp;8 spotka\u0144 \u015br. po 8 godzin, \u015br. 2x w tygodniu w ci\u0105gu maks. 2 m-cy) dla 60 Uczestniczek (5 grup po 12 os\u00f3b)&nbsp;<\/p>\n\n\n\n<p>Cel: Nabycie, podwy\u017cszenie lub dostosowanie kompetencji\/kwalifikacji niezb\u0119dnych na rynku pracy w kontek\u015bcie zidentyfikowanych potrzeb oraz potwierdzenie nabytych kompetencji\/kwalifikacji certyfikatem zewn\u0119trznym.&nbsp;&nbsp;<\/p>\n\n\n\n<p>Zakres: Szkolenia b\u0119d\u0105 zgodne ze zdiagnozowanymi potrzebami i potencja\u0142em UP oraz zdiagnozowanymi potrzebami w\u0142a\u015bciwego lokalnego\/region. rynku pracy na podst. prowadzonego&nbsp;monitoringu ofert pracy, opracowa\u0144 dot. zawod\u00f3w\/ specjalno\u015bci poszukiwanych w&nbsp;woj. Pomorskim&nbsp;(np. Barometr zawod\u00f3w itp.).&nbsp;Ostateczny&nbsp;katalog szkole\u0144 zostanie dostosowany do potencja\u0142u i predyspozycji UP na etapie diagnozy.&nbsp;&nbsp;<\/p>\n\n\n\n<p>Uczestniczki projektu b\u0119d\u0105 zach\u0119cane do nabywania kwalifikacji\/kompetencji w zawodach zgodnie z predyspozycjami, a nie&nbsp;stereotypowo przypisywanych do jednej p\u0142ci.&nbsp;Uzyskanie kwalifikacji b\u0119dzie weryfikowane poprzez sprawdzenie w formie egzaminu&nbsp;zewn\u0119trznego&nbsp;&nbsp;i&nbsp;b\u0119dzie prowadzi\u0142o do uzyskania kwalifikacji potwierdzonych certyfikatem.&nbsp;<\/p>\n\n\n\n<p>Warunek rozpocz\u0119cia:&nbsp;wsparcie udzielane na podstawie potrzeb UP okre\u015blonych w IPD.&nbsp;<br>Warunek zako\u0144czenia:&nbsp;min. 80% frekwencji na zaj\u0119ciach, przyst\u0105pienie do egzaminu zewn\u0119trznego.&nbsp;<\/p>\n\n\n\n<p><strong>PO\u015aREDNICTWO PRACY&nbsp;<\/strong><\/p>\n\n\n\n<p>Wsparcie przewidziane dla 48 kobiet bez zatrudnienia w wymiarze: 4 godzin zegarowych (4h x 4 spotkania po 1 godz., \u015br. 1 w tyg. w ci\u0105gu maks. 1 m-ca) z po\u015brednikiem pracy.&nbsp;<\/p>\n\n\n\n<p>Cel: zaktywizowanie UP do poszukiwania zatrudnienia i jego utrzymania.&nbsp;<\/p>\n\n\n\n<p>Zakres&nbsp;merytoryczny:&nbsp;<br>&#8211; pomoc w dopasowaniu dokument\u00f3w aplikacyjnych pod konkretne oferty pracy;&nbsp;<br>&#8211; inicjowanie spotka\u0144 UP z pracodawcami, omawianie odbytych spotka\u0144;&nbsp;<br>&#8211; pozyskiwanie ofert pracy zgodnych z profilem UP;&nbsp;<br>&#8211; motywowanie do utrzymania zatrudnienia i rozwoju zawodowego.&nbsp;<\/p>\n\n\n\n<p>Warunek rozpocz\u0119cia:&nbsp;wsparcie udzielane na podstawie potrzeb UP okre\u015blonych w IPD&nbsp;<\/p>\n\n\n\n<p>Warunek zako\u0144czenia:&nbsp;100% obecno\u015bci na zaj\u0119ciach.&nbsp;<\/p>\n\n\n\n<p><strong>STA\u017b ZAWODOWY&nbsp;<\/strong><\/p>\n\n\n\n<p>Wsparcie przewidziane dla 12 kobiet bez zatrudnienia&nbsp;udzielane na podstawie&nbsp;potrzeb&nbsp; okre\u015blonych&nbsp;w IPD, skierowane do os\u00f3b, kt\u00f3re maj\u0105 kr\u00f3tkie\/nieadekwatne do\u015bwiadczenie zawodowe. Zadanie w&nbsp;wymiarze&nbsp; 3&nbsp;m-cy; maks. 8 godz.\/dob\u0119&nbsp;i&nbsp; 40&nbsp;godz.\/tydzie\u0144., dla os\u00f3b opiekuj\u0105cych si\u0119 dzieckiem do 7 roku \u017cycia mo\u017cliwo\u015b\u0107 elastycznego czasu pracy&nbsp;a w przypadku os\u00f3b z&nbsp;umiarkowanym\/znacznym stopniem&nbsp;niepe\u0142nosprawno\u015bci&nbsp; mo\u017cliwo\u015b\u0107&nbsp;skr\u00f3cenia wymiaru sta\u017cu&nbsp;do 7h\/dob\u0119&nbsp; i&nbsp;35h\/tyg.&nbsp;<\/p>\n\n\n\n<p>Sta\u017ce b\u0119d\u0105 powi\u0105zane ze szkoleniami w ramach projektu \u2013 obejmuj\u0105 przyswojenie umiej\u0119tno\u015bci praktycznych w zakresie zgodnym z nabytymi kwalifikacjami\/kompetencjami zawodowymi. Wsparcie umo\u017cliwi uzupe\u0142nienie do\u015bwiadczenia zawodowego, a powi\u0105zanie sta\u017cy&nbsp;ze szkoleniami oferowanymi w projekcie pozwoli UP naby\u0107 praktyczne umiej\u0119tno\u015bci w zakresie wykonywania nowego zawodu\/pracy na nowym stanowisku.&nbsp;<\/p>\n\n\n\n<p>Warunek rozpocz\u0119cia:&nbsp;wsparcie udzielane na podstawie potrzeb UP okre\u015blonych w IPD.&nbsp;<br>Warunek zako\u0144czenia:&nbsp;obecno\u015b\u0107 na sta\u017cu zgodnie z umow\u0105 sta\u017cow\u0105.&nbsp;<\/p>\n\n\n\n<p class=\"has-text-align-left\"><strong>WSPARCIE DODATKOWE DLA UCZESTNICZEK PROJEKTU:<\/strong>&nbsp;<\/p>\n\n\n\n<ul class=\"wp-block-list\">\n<li>stypendium szkoleniowe&nbsp;w wysoko\u015bci 17,93 z\u0142 brutto za ka\u017cd\u0105 godzin\u0119 udzia\u0142u w szkoleniach zawodowych,&nbsp;<\/li>\n<\/ul>\n\n\n\n<ul class=\"wp-block-list\">\n<li>stypendium sta\u017cowe w wysoko\u015bci 2 689,57 z\u0142 brutto za ka\u017cdy miesi\u0105c sta\u017cu dla 12 uczestniczek,&nbsp;<\/li>\n<\/ul>\n\n\n\n<ul class=\"wp-block-list\">\n<li>ubezpieczenie NNW w okresie odbywania sta\u017cu,&nbsp;<\/li>\n<\/ul>\n\n\n\n<ul class=\"wp-block-list\">\n<li>badania lekarskie przed rozpocz\u0119ciem sta\u017cu&nbsp;&nbsp;<\/li>\n<\/ul>\n\n\n\n<p class=\"has-light-gray-background-color has-background\"><strong>FORMY WSPARCIA REALIZOWANE W RAMACH PROJEKTU DLA 216 PRACODAWC\u00d3W I ICH PRACOWNIK\u00d3W&nbsp;<\/strong><\/p>\n\n\n\n<p><strong>WARSZTATY&nbsp;R\u00d3WNO\u015a\u0106 KOBIET I M\u0118\u017bCZYZN&nbsp;<\/strong>&nbsp;<\/p>\n\n\n\n<p>Wsparcie przewiedziane dla 216 pracodawc\u00f3w i ich pracownik\u00f3w.&nbsp;Szkolenie&nbsp; wyjazdowe&nbsp; 2 dniowe, realizowane weekendowo w hotelu o standardzie maks. 3*. Wymiar szkolenia 16&nbsp;godz.\/gr tj. 2 dni szkole\u0144&nbsp;wyjazdowych&nbsp;&nbsp;(18 grup po 12&nbsp;os\u00f3b&nbsp;)&nbsp;<\/p>\n\n\n\n<p>Cel:&nbsp;opracowanie planu dzia\u0142a\u0144&nbsp;r\u00f3wno\u015bciowych w miejscu pracy&nbsp;<\/p>\n\n\n\n<p>Zakres wsparcia merytoryczny:&nbsp;<\/p>\n\n\n\n<p>Modu\u0142 1&nbsp; &#8211; R\u00d3WNE TRAKTOWANIE W MIEJSCU PRACY:&nbsp;<br>&#8211; poznanie poj\u0119\u0107 zwi\u0105zanych z r\u00f3wnym traktowanie na rynku pracy\u2013aspekty prawne;&nbsp;<br>&#8211; poznanie przyk\u0142ad\u00f3w nier\u00f3wnego traktowania na rynku pracy.&nbsp;<\/p>\n\n\n\n<p>Modu\u0142 2&nbsp; &#8211; P\u0141E\u0106 A RYNEK PRACY&nbsp;<br>&#8211; poznanie przyk\u0142ad\u00f3w nier\u00f3wnego traktowania kobiet w obszarze zatrudnienia;&nbsp;<br>&#8211; poznanie poj\u0119\u0107 zwi\u0105zanych z dyskryminacj\u0105 kobiet na rynku pracy.&nbsp;<\/p>\n\n\n\n<p>Modu\u0142 3&nbsp;&#8211; OCENA MIEJSCA PRACY POD K\u0104TEM R\u00d3WNO\u015aCI SZANS KOBIET I M\u0118\u017bCZYZN&nbsp;<\/p>\n\n\n\n<p>Modu\u0142 4&nbsp;&#8211; WYPRACOWANIE DZIA\u0141A\u0143 R\u00d3WNO\u015aCIOWYCH W MIEJSCU PRACY&nbsp;<br>&#8211; wypracowywanie rozwi\u0105za\u0144 r\u00f3wno\u015bciowych w odpowiedzi na dokonan\u0105 wcze\u015bniej ocen\u0119 miejsca&nbsp;pracy;&nbsp;<br>&#8211; poznanie dobrych praktyk w zakresie realizacji dzia\u0142a\u0144 r\u00f3wno\u015bciowych.&nbsp;<\/p>\n\n\n\n<p>Modu\u0142 5&nbsp;&#8211; PLAN REALIZACJI DZIA\u0141A\u0143 R\u00d3WNO\u015aCIOWYCH&nbsp;<br>&#8211; opracowywanie planu dzia\u0142a\u0144 r\u00f3wno\u015bciowych;&nbsp;<br>&#8211; poznanie rekomendacji w zakresie wdra\u017cania zmian r\u00f3wno\u015bciowych w firmie&nbsp;<br>&#8211; dzia\u0142ania zapewniaj\u0105ce r\u00f3wnowag\u0119 mi\u0119dzy \u017cyciem zawodowymi prywatnym:&nbsp;elastyczne formy&nbsp;zatrudnienia i praca w&nbsp;obni\u017conym wymiarze czasu.&nbsp;<\/p>\n\n\n\n<p>Wiedza o r\u00f3wno\u015bci p\u0142ci przynosi korzy\u015bci zar\u00f3wno firmom jak i pracownikom \u2013 zwi\u0119kszenie \u015bwiadomo\u015bci pracodawc\u00f3w&nbsp;i pracownik\u00f3w wp\u0142ywa pozytywnie na jako\u015b\u0107 \u015brodowiska pracy i efektywno\u015bci zespo\u0142\u00f3w, co przek\u0142ada si\u0119 na postrzeganie firm jako bardziej&nbsp;odpowiedzialnych&nbsp; spo\u0142ecznie, atrakcyjnych dla klient\u00f3w oraz inwestor\u00f3w.&nbsp;<\/p>\n\n\n\n<p>Warunek rozpocz\u0119cia:&nbsp;zakwalifikowanie do projektu, przyst\u0105pienie do&nbsp;pre-testu&nbsp;<br>Warunek zako\u0144czenia:&nbsp;100% obecno\u015bci na szkoleniu, przyst\u0105pienie do post-testu&nbsp;&nbsp;<\/p>\n\n\n\n<p><strong>INDYWIDUALNY COACHING DLA KOBIET W ZAKRESIE GODZENIA \u017bYCIA ZAWODOWEGO Z PRYWATNYM&nbsp;<\/strong><\/p>\n\n\n\n<p>Wsparcie skierowane do 130 kobiet&nbsp;jako uzupe\u0142nienie warsztat\u00f3w. Spotkania&nbsp;indywidualne z&nbsp;coachem&nbsp;1&nbsp;spotkanie&nbsp;x 2 godz.&nbsp;&nbsp;<\/p>\n\n\n\n<p>Zakres merytoryczny:&nbsp;<\/p>\n\n\n\n<p>1) Budowanie pewno\u015bci siebie i asertywno\u015b\u0107&nbsp;<\/p>\n\n\n\n<ol class=\"wp-block-list\">\n<li><\/li>\n<\/ol>\n\n\n\n<p>Praca nad pewno\u015bci\u0105 siebie w miejscu pracy i w \u017cyciu prywatnym.&nbsp;<\/p>\n\n\n\n<p>2) Strategie radzenia sobie ze stresem&nbsp;<\/p>\n\n\n\n<p>&#8211; Techniki relaksacyjne i&nbsp;mindfulness.&nbsp;<br>&#8211; Jak unika\u0107 wypalenia zawodowego&nbsp;<\/p>\n\n\n\n<p>3) Elastyczne modele pracy i rozw\u00f3j kariery&nbsp;<\/p>\n\n\n\n<p>&#8211; Planowanie awansu lub zmiany \u015bcie\u017cki kariery.&nbsp;<\/p>\n\n\n\n<p>4) Work-life&nbsp;balance&nbsp;w praktyce&nbsp;<\/p>\n\n\n\n<p>&#8211; Tworzenie harmonijnej rutyny dnia.&nbsp;<br>&#8211; Wdra\u017canie zmian w \u017cycie codzienne.&nbsp;<\/p>\n\n\n\n<p>W efekcie spotkania z&nbsp;coachem&nbsp;kobiety pracuj\u0105ce zwi\u0119ksz\u0105 swoj\u0105 pewno\u015b\u0107 siebie, zredukuj\u0105 stres, poprawi\u0105 organizacj\u0119 czasu pracy, dzi\u0119ki czemu b\u0119d\u0105 mog\u0142y skutecznie \u0142\u0105czy\u0107 karier\u0119 z \u017cyciem osobistym.&nbsp;<\/p>\n\n\n\n<p>Warunek rozpocz\u0119cia:&nbsp;wsparcie skierowane wy\u0142\u0105cznie do kobiet jako uzupe\u0142nienie warsztat\u00f3w.&nbsp;<br>Warunek zako\u0144czenia:&nbsp;obecno\u015b\u0107 na spotkaniu&nbsp;<\/p>\n\n\n\n<p><\/p>\n<div class=\"gsp_post_data\" \r\n\t            data-post_type=\"page\" \r\n\t            data-cat=\"\" \r\n\t            data-modified=\"120\"\r\n\t            data-created=\"1769365753\"\r\n\t            data-title=\"OFEROWANE WSPARCIE\" \r\n\t            data-home=\"http:\/\/rownoscszansanarozwoj.cityschool.pl\"><\/div>","protected":false},"excerpt":{"rendered":"<p>FORMY WSPARCIA REALIZOWANE W RAMMACH PROJEKTU DLA 60 KOBIET BEZ ZATRUDNIENIA&nbsp; DIAGNOZA POTREB I POTENCJA\u0141\u00d3W Z OPRACOWANIEM \/ AKTUALIZACJA&nbsp;INDYWIDUALNEGO PLANU DZIA\u0141ANIA&nbsp; Wsparcie przewidziane dla 60 kobiet bez\u00a0zatrudnienia,\u00a0(2 godziny zegarowe z doradc\u0105\/czyni\u0105 zawodowym\/\u0105 dostosowane do indywidualnych potrzeb i mo\u017cliwo\u015bci Uczestniczki projektu w formie 1 spotkania zako\u0144czone opracowaniem IPD).\u00a0 Cel: Identyfikacja potrzeb os\u00f3b pozostaj\u0105cych bez zatrudnienia, w &hellip; <a href=\"http:\/\/rownoscszansanarozwoj.cityschool.pl\/?page_id=11\" class=\"more-link\">Continue reading<span class=\"screen-reader-text\"> &#8220;OFEROWANE WSPARCIE&#8221;<\/span><\/a><\/p>\n","protected":false},"author":1,"featured_media":0,"parent":0,"menu_order":0,"comment_status":"closed","ping_status":"closed","template":"sidebar-page.php","meta":{"footnotes":""},"class_list":["post-11","page","type-page","status-publish","hentry"],"_links":{"self":[{"href":"http:\/\/rownoscszansanarozwoj.cityschool.pl\/index.php?rest_route=\/wp\/v2\/pages\/11","targetHints":{"allow":["GET"]}}],"collection":[{"href":"http:\/\/rownoscszansanarozwoj.cityschool.pl\/index.php?rest_route=\/wp\/v2\/pages"}],"about":[{"href":"http:\/\/rownoscszansanarozwoj.cityschool.pl\/index.php?rest_route=\/wp\/v2\/types\/page"}],"author":[{"embeddable":true,"href":"http:\/\/rownoscszansanarozwoj.cityschool.pl\/index.php?rest_route=\/wp\/v2\/users\/1"}],"replies":[{"embeddable":true,"href":"http:\/\/rownoscszansanarozwoj.cityschool.pl\/index.php?rest_route=%2Fwp%2Fv2%2Fcomments&post=11"}],"version-history":[{"count":4,"href":"http:\/\/rownoscszansanarozwoj.cityschool.pl\/index.php?rest_route=\/wp\/v2\/pages\/11\/revisions"}],"predecessor-version":[{"id":54,"href":"http:\/\/rownoscszansanarozwoj.cityschool.pl\/index.php?rest_route=\/wp\/v2\/pages\/11\/revisions\/54"}],"wp:attachment":[{"href":"http:\/\/rownoscszansanarozwoj.cityschool.pl\/index.php?rest_route=%2Fwp%2Fv2%2Fmedia&parent=11"}],"curies":[{"name":"wp","href":"https:\/\/api.w.org\/{rel}","templated":true}]}}