{"id":13,"date":"2026-01-25T18:30:08","date_gmt":"2026-01-25T17:30:08","guid":{"rendered":"http:\/\/rownoscszansanarozwoj.cityschool.pl\/?page_id=13"},"modified":"2026-01-25T18:41:21","modified_gmt":"2026-01-25T17:41:21","slug":"rownosc-szans","status":"publish","type":"page","link":"http:\/\/rownoscszansanarozwoj.cityschool.pl\/?page_id=13","title":{"rendered":"R\u00d3WNO\u015a\u0106 SZANS"},"content":{"rendered":"\n<p><strong>Dyskryminacja&nbsp;<\/strong>\u2013 r\u00f3\u017cnicowanie, wykluczanie lub ograniczanie ze wzgl\u0119du na jakiekolwiek przes\u0142anki w szczeg\u00f3lno\u015bci p\u0142e\u0107, ras\u0119, kolor sk\u00f3ry, pochodzenie etniczne lub spo\u0142eczne, cechy genetyczne, j\u0119zyk, religi\u0119 lub przekonania, pogl\u0105dy polityczne lub wszelkie inne pogl\u0105dy, przynale\u017cno\u015b\u0107 do mniejszo\u015bci narodowej, maj\u0105tek, urodzenie, niepe\u0142nosprawno\u015b\u0107, wiek lub orientacj\u0119 seksualn\u0105. Celem lub skutkiem dyskryminacji jest naruszenie lub brak uznania mo\u017cliwo\u015bci korzystania z wszelkich praw cz\u0142owieka i podstawowych wolno\u015bci oraz ich wykonywania na zasadzie r\u00f3wno\u015bci z innymi osobami.&nbsp;<\/p>\n\n\n\n<p><strong>Zasada r\u00f3wno\u015bci kobiet i m\u0119\u017cczyzn \u2013&nbsp;<\/strong>wdro\u017cenie dzia\u0142a\u0144 maj\u0105cych na celu osi\u0105gni\u0119cie stanu, w kt\u00f3rym kobietom i m\u0119\u017cczyznom przypisuje si\u0119 tak\u0105 sam\u0105 warto\u015b\u0107 spo\u0142eczn\u0105, r\u00f3wne prawa i r\u00f3wne obowi\u0105zki. To r\u00f3wnie\u017c stan, w kt\u00f3rym kobiety i m\u0119\u017cczy\u017ani maj\u0105 r\u00f3wny dost\u0119p do korzystania z zasob\u00f3w (np. \u015brodki finansowe, szanse rozwoju). Zasada ta ma gwarantowa\u0107 mo\u017cliwo\u015b\u0107 wyboru drogi&nbsp;\u017cyciowej bez ogranicze\u0144 wynikaj\u0105cych ze stereotyp\u00f3w p\u0142ci. Jest to r\u00f3wnie\u017c uwzgl\u0119dnianie perspektywy p\u0142ci w g\u0142\u00f3wnym nurcie wszystkich proces\u00f3w i dzia\u0142a\u0144 w ramach program\u00f3w (tj. podczas przygotowywania, wdra\u017cania, monitorowania, sprawozdawczo\u015bci, ewaluacji, promocji i kontroli program\u00f3w).&nbsp;<\/p>\n\n\n\n<p><strong>Zasada r\u00f3wno\u015bci szans i niedyskryminacji \u2013&nbsp;<\/strong>wdro\u017cenie dzia\u0142a\u0144 umo\u017cliwiaj\u0105cych wszystkim osobom sprawiedliwe i pe\u0142ne uczestnictwo we wszystkich dziedzinach \u017cycia, bez wzgl\u0119du na ich p\u0142e\u0107, ras\u0119, kolor sk\u00f3ry, pochodzenie etniczne lub spo\u0142eczne, cechy genetyczne, j\u0119zyk, religi\u0119 lub przekonania, pogl\u0105dy polityczne lub wszelkie inne pogl\u0105dy, przynale\u017cno\u015b\u0107 do mniejszo\u015bci narodowej, maj\u0105tek, urodzenie, niepe\u0142nosprawno\u015b\u0107, wiek lub orientacj\u0119 seksualn\u0105.&nbsp;<\/p>\n\n\n\n<p><strong>Zasady r\u00f3wno\u015bciowe \u2013&nbsp;<\/strong>rozumiane \u0142\u0105cznie jako zasada r\u00f3wno\u015bci kobiet i m\u0119\u017cczyzn oraz zasada r\u00f3wno\u015bci szans i niedyskryminacji.&nbsp;<\/p>\n\n\n\n<p>Obowi\u0105zek realizacji zasady r\u00f3wno\u015bci szans i niedyskryminacji, w tym dost\u0119pno\u015bci dla os\u00f3b z niepe\u0142nosprawno\u015bciami wynika z zapis\u00f3w art. 7 Rozporz\u0105dzenia og\u00f3lnego 1303\/2013 z dnia 17 grudnia 2013 r. i jest horyzontaln\u0105 zasad\u0105 obowi\u0105zuj\u0105c\u0105 w ca\u0142ej Unii Europejskiej.\u00a0<br><br>Ponadto zapisy ratyfikowanej w dniu 6 wrze\u015bnia 2012 r. przez Polsk\u0119 Konwencji ONZ o prawach os\u00f3b niepe\u0142nosprawnych zobowi\u0105zuj\u0105 Polsk\u0119 do zwi\u0119kszenia mo\u017cliwo\u015bci korzystania z praw przez osoby z niepe\u0142nosprawno\u015bciami, w tym eliminacji barier oraz zapewnienia pe\u0142nego uczestnictwa we wszystkich sferach \u017cycia.\u00a0<br><br>Realizacja zasady r\u00f3wno\u015bci kobiet i m\u0119\u017cczyzn ma prowadzi\u0107 do podejmowania dzia\u0142a\u0144 na rzecz osi\u0105gni\u0119cia stanu, w kt\u00f3rym kobietom i m\u0119\u017cczyznom przypisuje si\u0119 tak\u0105 sam\u0105 warto\u015b\u0107 spo\u0142eczn\u0105, r\u00f3wne prawa i r\u00f3wne obowi\u0105zki oraz stan, w kt\u00f3rym maj\u0105 r\u00f3wny dost\u0119p do zasob\u00f3w, z kt\u00f3rych mog\u0105 korzysta\u0107. W projektach wsp\u00f3\u0142finansowanych z EFS+ nie jest dopuszczalne uznanie neutralno\u015bci projektu w stosunku do zasady r\u00f3wno\u015bci kobiet i m\u0119\u017cczyzn.\u00a0<br><br>Realizacja zasady r\u00f3wno\u015bci szans i niedyskryminacji, w tym dost\u0119pno\u015bci dla os\u00f3b z niepe\u0142nosprawno\u015bciami polega na umo\u017cliwieniu wszystkim osobom bez wzgl\u0119du na p\u0142e\u0107, ras\u0119, kolor sk\u00f3ry, pochodzenie etniczne lub spo\u0142eczne, cechy genetyczne, j\u0119zyk, religi\u0119 lub przekonania, pogl\u0105dy polityczne lub wszelkie inne pogl\u0105dy, przynale\u017cno\u015b\u0107 do mniejszo\u015bci narodowej, maj\u0105tek, urodzenie, niepe\u0142nosprawno\u015b\u0107, wiek lub orientacj\u0119 seksualn\u0105 \u2013 sprawiedliwego, pe\u0142nego uczestnictwa we wszystkich dziedzinach \u017cycia na jednakowych zasadach. Na przyk\u0142ad nale\u017cy zapewni\u0107 dost\u0119p do uczestnictwa w projekcie osobie z niepe\u0142nosprawno\u015bciami bez wzgl\u0119du na bariery np. architektoniczne, komunikacyjne czy cyfrowe.\u00a0<br><br>Zgodnie z Wytycznymi dotycz\u0105cymi realizacji zasad r\u00f3wno\u015bciowych w ramach funduszy unijnych na lata 2021-2027 Ministerstwa Funduszy i Polityki Regionalnej realizacja zasady r\u00f3wno\u015bci szans i niedyskryminacji, w tym dost\u0119pno\u015bci dla os\u00f3b z niepe\u0142nosprawno\u015bciami (zasada dost\u0119pno\u015bci) w projektach wsp\u00f3\u0142finasowanych z funduszy unijnych powinna by\u0107 realizowana na wszystkich etapach wdra\u017cania projektu, w tym na etapie przygotowania projektu czyli analizy, definiowania cel\u00f3w, planowania dzia\u0142a\u0144 i bud\u017cetu, okre\u015blania rezultat\u00f3w, a tak\u017ce podczas jego realizacji, rozliczania, monitorowania i ewentualnie ewaluacji (o ile ewaluacja jest wymagana w projekcie).<strong>\u00a0<\/strong>\u00a0<\/p>\n\n\n\n<p><strong>Przydatne linki:<\/strong>&nbsp;<br><a href=\"http:\/\/www.funduszeeuropejskie.gov.pl\/\" target=\"_blank\" rel=\"noreferrer noopener\"><strong>www.funduszeeuropejskie.gov.pl<\/strong><\/a>&nbsp;<br><a href=\"http:\/\/www.niepelnosprawni.gov.pl\/\" target=\"_blank\" rel=\"noreferrer noopener\"><strong>www.niepelnosprawni.gov.pl<\/strong><\/a><strong><\/strong>&nbsp;<\/p>\n\n\n\n<p><\/p>\n<div class=\"gsp_post_data\" \r\n\t            data-post_type=\"page\" \r\n\t            data-cat=\"\" \r\n\t            data-modified=\"120\"\r\n\t            data-created=\"1769365808\"\r\n\t            data-title=\"R\u00d3WNO\u015a\u0106 SZANS\" \r\n\t            data-home=\"http:\/\/rownoscszansanarozwoj.cityschool.pl\"><\/div>","protected":false},"excerpt":{"rendered":"<p>Dyskryminacja&nbsp;\u2013 r\u00f3\u017cnicowanie, wykluczanie lub ograniczanie ze wzgl\u0119du na jakiekolwiek przes\u0142anki w szczeg\u00f3lno\u015bci p\u0142e\u0107, ras\u0119, kolor sk\u00f3ry, pochodzenie etniczne lub spo\u0142eczne, cechy genetyczne, j\u0119zyk, religi\u0119 lub przekonania, pogl\u0105dy polityczne lub wszelkie inne pogl\u0105dy, przynale\u017cno\u015b\u0107 do mniejszo\u015bci narodowej, maj\u0105tek, urodzenie, niepe\u0142nosprawno\u015b\u0107, wiek lub orientacj\u0119 seksualn\u0105. Celem lub skutkiem dyskryminacji jest naruszenie lub brak uznania mo\u017cliwo\u015bci korzystania z &hellip; <a href=\"http:\/\/rownoscszansanarozwoj.cityschool.pl\/?page_id=13\" class=\"more-link\">Continue reading<span class=\"screen-reader-text\"> &#8220;R\u00d3WNO\u015a\u0106 SZANS&#8221;<\/span><\/a><\/p>\n","protected":false},"author":1,"featured_media":0,"parent":0,"menu_order":0,"comment_status":"closed","ping_status":"closed","template":"sidebar-page.php","meta":{"footnotes":""},"class_list":["post-13","page","type-page","status-publish","hentry"],"_links":{"self":[{"href":"http:\/\/rownoscszansanarozwoj.cityschool.pl\/index.php?rest_route=\/wp\/v2\/pages\/13","targetHints":{"allow":["GET"]}}],"collection":[{"href":"http:\/\/rownoscszansanarozwoj.cityschool.pl\/index.php?rest_route=\/wp\/v2\/pages"}],"about":[{"href":"http:\/\/rownoscszansanarozwoj.cityschool.pl\/index.php?rest_route=\/wp\/v2\/types\/page"}],"author":[{"embeddable":true,"href":"http:\/\/rownoscszansanarozwoj.cityschool.pl\/index.php?rest_route=\/wp\/v2\/users\/1"}],"replies":[{"embeddable":true,"href":"http:\/\/rownoscszansanarozwoj.cityschool.pl\/index.php?rest_route=%2Fwp%2Fv2%2Fcomments&post=13"}],"version-history":[{"count":1,"href":"http:\/\/rownoscszansanarozwoj.cityschool.pl\/index.php?rest_route=\/wp\/v2\/pages\/13\/revisions"}],"predecessor-version":[{"id":14,"href":"http:\/\/rownoscszansanarozwoj.cityschool.pl\/index.php?rest_route=\/wp\/v2\/pages\/13\/revisions\/14"}],"wp:attachment":[{"href":"http:\/\/rownoscszansanarozwoj.cityschool.pl\/index.php?rest_route=%2Fwp%2Fv2%2Fmedia&parent=13"}],"curies":[{"name":"wp","href":"https:\/\/api.w.org\/{rel}","templated":true}]}}