{"id":9,"date":"2026-01-25T18:21:20","date_gmt":"2026-01-25T17:21:20","guid":{"rendered":"http:\/\/rownoscszansanarozwoj.cityschool.pl\/?page_id=9"},"modified":"2026-02-03T11:10:01","modified_gmt":"2026-02-03T10:10:01","slug":"rekrutacja","status":"publish","type":"page","link":"http:\/\/rownoscszansanarozwoj.cityschool.pl\/?page_id=9","title":{"rendered":"REKRUTACJA"},"content":{"rendered":"\n<p>Grup\u0119 docelow\u0105 stanowi&nbsp;276&nbsp;os\u00f3b (190K\/86M),&nbsp;zamieszkuj\u0105cych i\/lub pracuj\u0105cych na terenie woj. pomorskiego w rozumieniu przepis\u00f3w kodeksu cywilnego.&nbsp;&nbsp;<\/p>\n\n\n\n<p><strong>Szczeg\u00f3\u0142owy podzia\u0142 grupy docelowej:<\/strong>&nbsp;&nbsp;<\/p>\n\n\n\n<p class=\"has-light-gray-background-color has-background\"><strong>Typ I: <\/strong><br>60 kobiet pozostaj\u0105cych bez zatrudnienia&nbsp;zamieszkuj\u0105cych\/ucz\u0105cych si\u0119 w&nbsp;woj.&nbsp;pomorskim, z kt\u00f3rych co najmniej po\u0142owa tj.&nbsp;30os.&nbsp;to osoby nale\u017c\u0105ce do grup:&nbsp;&nbsp;<\/p>\n\n\n\n<ul class=\"wp-block-list\">\n<li>d\u0142ugotrwale&nbsp;bezrobotnych,&nbsp;<\/li>\n\n\n\n<li>biernych zawodowo,&nbsp;&nbsp;<\/li>\n\n\n\n<li>powy\u017cej&nbsp;50&nbsp;r.\u017c.,&nbsp;&nbsp;<\/li>\n\n\n\n<li>wykluczonych komunikacyjnie,&nbsp;<\/li>\n<\/ul>\n\n\n\n<p class=\"has-light-gray-background-color has-background\"><strong>Typ II:<\/strong> <br>216 pracodawc\u00f3w i ich pracownik\u00f3w (130K\/86M) zamieszkuj\u0105cych\/ pracuj\u0105cych\/ ucz\u0105cych&nbsp;si\u0119 w woj.&nbsp;pomorskim z min.&nbsp;54&nbsp;MMSP.&nbsp;<\/p>\n\n\n\n<p>Proces rekrutacji Uczestnik\u00f3w\/-czek do projektu b\u0119dzie otwarty, bezpo\u015bredni, jawny. Rekrutacja prowadzona b\u0119dzie w terminie:&nbsp;<\/p>\n\n\n\n<p>\u2022 Typ I \u2013&nbsp;turowa&nbsp;&#8211; w miesi\u0119cznych turach: 12-01.2025; 03.2026; 05.2026; 09.2026; 10.2026&nbsp;<\/p>\n\n\n\n<p>\u2022 Typ II \u2013 ci\u0105g\u0142a w okresie 29.12.2025-31.05.2027&nbsp;<\/p>\n\n\n\n<p>Szczeg\u00f3\u0142owy opis&nbsp;rekrutacji znajduje si\u0119&nbsp;w Regulaminie Projektu.&nbsp;<\/p>\n\n\n\n<hr class=\"wp-block-separator has-alpha-channel-opacity\"\/>\n\n\n\n<p><strong>FORMULARZ ZG\u0141OSZENIOWY:<\/strong><\/p>\n\n\n<div class=\"forminator-ui forminator-custom-form forminator-custom-form-36 forminator-design--default  forminator_ajax\" data-forminator-render=\"0\" data-form=\"forminator-module-36\" data-uid=\"69dfe19a60df0\"><br\/><\/div><form\n\t\t\t\tid=\"forminator-module-36\"\n\t\t\t\tclass=\"forminator-ui forminator-custom-form forminator-custom-form-36 forminator-design--default  forminator_ajax\"\n\t\t\t\tmethod=\"post\"\n\t\t\t\tdata-forminator-render=\"0\"\n\t\t\t\tdata-form-id=\"36\"\n\t\t\t\tenctype=\"multipart\/form-data\" data-color-option=\"theme\" data-design=\"default\" data-grid=\"open\" style=\"display: none;\"\n\t\t\t\tdata-uid=\"69dfe19a60df0\"\n\t\t\t><div role=\"alert\" aria-live=\"polite\" class=\"forminator-response-message forminator-error\" aria-hidden=\"true\"><\/div><div class=\"forminator-row\"><div id=\"name-1\" class=\"forminator-field-name forminator-col forminator-col-6 \"><div class=\"forminator-field\"><label for=\"forminator-field-name-1_69dfe19a60df0\" id=\"forminator-field-name-1_69dfe19a60df0-label\" class=\"forminator-label\">Imi\u0119 <span class=\"forminator-required\">*<\/span><\/label><input type=\"text\" name=\"name-1\" value=\"\" placeholder=\"\" id=\"forminator-field-name-1_69dfe19a60df0\" class=\"forminator-input forminator-name--field\" aria-required=\"true\" autocomplete=\"name\" \/><\/div><\/div><div id=\"name-2\" class=\"forminator-field-name forminator-col forminator-col-6 \"><div class=\"forminator-field\"><label for=\"forminator-field-name-2_69dfe19a60df0\" id=\"forminator-field-name-2_69dfe19a60df0-label\" class=\"forminator-label\">Nazwisko <span class=\"forminator-required\">*<\/span><\/label><input type=\"text\" name=\"name-2\" value=\"\" placeholder=\"\" id=\"forminator-field-name-2_69dfe19a60df0\" class=\"forminator-input forminator-name--field\" aria-required=\"true\" autocomplete=\"name\" \/><\/div><\/div><\/div><div class=\"forminator-row\"><div id=\"email-1\" class=\"forminator-field-email forminator-col forminator-col-6 \"><div class=\"forminator-field\"><label for=\"forminator-field-email-1_69dfe19a60df0\" id=\"forminator-field-email-1_69dfe19a60df0-label\" class=\"forminator-label\">Adres e-mail <span class=\"forminator-required\">*<\/span><\/label><input type=\"email\" name=\"email-1\" value=\"\" placeholder=\"\" id=\"forminator-field-email-1_69dfe19a60df0\" class=\"forminator-input forminator-email--field\" data-required=\"true\" aria-required=\"true\" autocomplete=\"email\" \/><\/div><\/div><div id=\"phone-1\" class=\"forminator-field-phone forminator-col forminator-col-6 \"><div class=\"forminator-field\"><label for=\"forminator-field-phone-1_69dfe19a60df0\" id=\"forminator-field-phone-1_69dfe19a60df0-label\" class=\"forminator-label\">Numer telefonu <span class=\"forminator-required\">*<\/span><\/label><input type=\"text\" name=\"phone-1\" value=\"\" placeholder=\"\" id=\"forminator-field-phone-1_69dfe19a60df0\" class=\"forminator-input forminator-field--phone\" data-required=\"1\" aria-required=\"true\" autocomplete=\"off\" \/><\/div><\/div><\/div><div class=\"forminator-row\"><div id=\"textarea-1\" class=\"forminator-field-textarea forminator-col forminator-col-12 \"><div class=\"forminator-field\"><label for=\"forminator-field-textarea-1_69dfe19a60df0\" id=\"forminator-field-textarea-1_69dfe19a60df0-label\" class=\"forminator-label\">Wiadomo\u015b\u0107<\/label><span id=\"forminator-field-textarea-1_69dfe19a60df0-description\" class=\"forminator-description\"><span data-limit=\"180\" data-type=\"characters\" data-editor=\"\">0 \/ 180<\/span><\/span><textarea name=\"textarea-1\" placeholder=\"\" id=\"forminator-field-textarea-1_69dfe19a60df0\" class=\"forminator-textarea\" rows=\"6\" style=\"min-height:140px;\" maxlength=\"180\" ><\/textarea><\/div><\/div><\/div><div class=\"forminator-row\"><div id=\"upload-1\" class=\"forminator-field-upload forminator-col forminator-col-12 \"><div class=\"forminator-field\"><label for=\"forminator-field-upload-1_69dfe19a60df0\" id=\"forminator-field-upload-1_69dfe19a60df0-label\" class=\"forminator-label\">Prze\u015blij plik <span class=\"forminator-required\">*<\/span><\/label><span id=\"forminator-field-upload-1_69dfe19a60df0-description\" class=\"forminator-description\">Obs\u0142ugiwane typy plik\u00f3w: JPG, BMP, TIFF, PDF, DOC\/DOCX, ODT<\/span><div class=\"forminator-file-upload \" data-element=\"upload-1_69dfe19a60df0\" aria-describedby=\"forminator-field-upload-1_69dfe19a60df0-description\"><input type=\"file\" name=\"upload-1\" id=\"forminator-field-upload-1_69dfe19a60df0\" class=\"forminator-input-file-required do-validate\" accept=\".avif,.heif,.heics,.heifs,.jpg,.jpeg,.jpe,.bmp,.tiff,.tif,.doc,.docx,.odt,.pdf\" tabindex=\"-1\"><button id=\"forminator-field-upload-1_69dfe19a60df0_button\" class=\"forminator-button forminator-button-upload\" data-id=\"forminator-field-upload-1_69dfe19a60df0\">Choose File<\/button><span data-empty-text=\"No file chosen\">No file chosen<\/span><button class=\"forminator-button-delete\" style=\"display: none;\"><i class=\"forminator-icon-close\" aria-hidden=\"true\"><\/i><span class=\"forminator-screen-reader-only\">Delete uploaded file<\/span><\/button><\/div><\/div><\/div><\/div><input type=\"hidden\" name=\"referer_url\" value=\"\" \/><div class=\"forminator-row forminator-row-last\"><div class=\"forminator-col\"><div class=\"forminator-field\"><button class=\"forminator-button forminator-button-submit\">Wy\u015blij<\/button><\/div><\/div><\/div><input type=\"hidden\" id=\"forminator_nonce\" name=\"forminator_nonce\" value=\"582789b9f1\" \/><input type=\"hidden\" name=\"_wp_http_referer\" value=\"\/index.php?rest_route=%2Fwp%2Fv2%2Fpages%2F9\" \/><input type=\"hidden\" name=\"form_id\" value=\"36\"><input type=\"hidden\" name=\"page_id\" value=\"9\"><input type=\"hidden\" name=\"form_type\" value=\"default\"><input type=\"hidden\" name=\"current_url\" value=\"http:\/\/rownoscszansanarozwoj.cityschool.pl\/?page_id=9\"><input type=\"hidden\" name=\"render_id\" value=\"0\"><input type=\"hidden\" name=\"action\" value=\"forminator_submit_form_custom-forms\"><\/form>\n\n\n\n<h2 class=\"wp-block-heading has-small-font-size\">Regulamin projektu<\/h2>\n\n\n\n<div data-wp-interactive=\"core\/file\" class=\"wp-block-file\"><object data-wp-bind--hidden=\"!state.hasPdfPreview\" hidden class=\"wp-block-file__embed\" data=\"http:\/\/rownoscszansanarozwoj.cityschool.pl\/wp-content\/uploads\/2026\/02\/REGULAMIN-PROJEKTU-Rownosc-szansa-na-rozwoj.pdf\" type=\"application\/pdf\" style=\"width:100%;height:600px\" aria-label=\"Embed of REGULAMIN PROJEKTU R\u00f3wno\u015b\u0107 szans\u0105 na rozw\u00f3j.\"><\/object><a id=\"wp-block-file--media-85101bf1-4399-40fe-b4ae-06d5c5f36b8c\" href=\"http:\/\/rownoscszansanarozwoj.cityschool.pl\/wp-content\/uploads\/2026\/02\/REGULAMIN-PROJEKTU-Rownosc-szansa-na-rozwoj.pdf\">REGULAMIN PROJEKTU R\u00f3wno\u015b\u0107 szans\u0105 na rozw\u00f3j<\/a><a href=\"http:\/\/rownoscszansanarozwoj.cityschool.pl\/wp-content\/uploads\/2026\/02\/REGULAMIN-PROJEKTU-Rownosc-szansa-na-rozwoj.pdf\" class=\"wp-block-file__button wp-element-button\" download aria-describedby=\"wp-block-file--media-85101bf1-4399-40fe-b4ae-06d5c5f36b8c\">Pobierz<\/a><\/div>\n\n\n\n<p><\/p>\n\n\n\n<div data-wp-interactive=\"core\/file\" class=\"wp-block-file\"><object data-wp-bind--hidden=\"!state.hasPdfPreview\" hidden class=\"wp-block-file__embed\" data=\"http:\/\/rownoscszansanarozwoj.cityschool.pl\/wp-content\/uploads\/2026\/02\/ZALACZNIK-NR-1-DO-REGULAMINU-PROJEKTU-Slownik.pdf\" type=\"application\/pdf\" style=\"width:100%;height:600px\" aria-label=\"Embed of ZA\u0141\u0104CZNIK NR 1 DO REGULAMINU PROJEKTU S\u0142ownik.\"><\/object><a id=\"wp-block-file--media-823eda09-1b2a-4ebf-b2c7-0281c3e80cab\" href=\"http:\/\/rownoscszansanarozwoj.cityschool.pl\/wp-content\/uploads\/2026\/02\/ZALACZNIK-NR-1-DO-REGULAMINU-PROJEKTU-Slownik.pdf\">ZA\u0141\u0104CZNIK NR 1 DO REGULAMINU PROJEKTU S\u0142ownik<\/a><a href=\"http:\/\/rownoscszansanarozwoj.cityschool.pl\/wp-content\/uploads\/2026\/02\/ZALACZNIK-NR-1-DO-REGULAMINU-PROJEKTU-Slownik.pdf\" class=\"wp-block-file__button wp-element-button\" download aria-describedby=\"wp-block-file--media-823eda09-1b2a-4ebf-b2c7-0281c3e80cab\">Pobierz<\/a><\/div>\n\n\n\n<div data-wp-interactive=\"core\/file\" class=\"wp-block-file\"><object data-wp-bind--hidden=\"!state.hasPdfPreview\" hidden class=\"wp-block-file__embed\" data=\"http:\/\/rownoscszansanarozwoj.cityschool.pl\/wp-content\/uploads\/2026\/02\/ZALACZNIK-NR-2-DO-REGULAMINU-PROJEKTU-TYP-I.pdf\" type=\"application\/pdf\" style=\"width:100%;height:600px\" aria-label=\"Embed of ZA\u0141\u0104CZNIK NR 2 DO REGULAMINU PROJEKTU TYP I.\"><\/object><a id=\"wp-block-file--media-95bc3980-b4a0-44ea-83ac-680ed3473a97\" href=\"http:\/\/rownoscszansanarozwoj.cityschool.pl\/wp-content\/uploads\/2026\/02\/ZALACZNIK-NR-2-DO-REGULAMINU-PROJEKTU-TYP-I.pdf\">ZA\u0141\u0104CZNIK NR 2 DO REGULAMINU PROJEKTU TYP I<\/a><a href=\"http:\/\/rownoscszansanarozwoj.cityschool.pl\/wp-content\/uploads\/2026\/02\/ZALACZNIK-NR-2-DO-REGULAMINU-PROJEKTU-TYP-I.pdf\" class=\"wp-block-file__button wp-element-button\" download aria-describedby=\"wp-block-file--media-95bc3980-b4a0-44ea-83ac-680ed3473a97\">Pobierz<\/a><\/div>\n\n\n\n<p><\/p>\n\n\n\n<div data-wp-interactive=\"core\/file\" class=\"wp-block-file\"><object data-wp-bind--hidden=\"!state.hasPdfPreview\" hidden class=\"wp-block-file__embed\" data=\"http:\/\/rownoscszansanarozwoj.cityschool.pl\/wp-content\/uploads\/2026\/02\/ZALACZNIK-NR-4-REGULAMINU-PROJEKTU-GMINY-WYKLUCZONE-KOMUNIKACYJNIE.pdf\" type=\"application\/pdf\" style=\"width:100%;height:600px\" aria-label=\"Embed of ZA\u0141ACZNIK NR 4 REGULAMINU PROJEKTU GMINY WYKLUCZONE KOMUNIKACYJNIE.\"><\/object><a id=\"wp-block-file--media-8050a840-7fef-4da7-a857-890dc224377d\" href=\"http:\/\/rownoscszansanarozwoj.cityschool.pl\/wp-content\/uploads\/2026\/02\/ZALACZNIK-NR-4-REGULAMINU-PROJEKTU-GMINY-WYKLUCZONE-KOMUNIKACYJNIE.pdf\">ZA\u0141ACZNIK NR 4 REGULAMINU PROJEKTU GMINY WYKLUCZONE KOMUNIKACYJNIE<\/a><a href=\"http:\/\/rownoscszansanarozwoj.cityschool.pl\/wp-content\/uploads\/2026\/02\/ZALACZNIK-NR-4-REGULAMINU-PROJEKTU-GMINY-WYKLUCZONE-KOMUNIKACYJNIE.pdf\" class=\"wp-block-file__button wp-element-button\" download aria-describedby=\"wp-block-file--media-8050a840-7fef-4da7-a857-890dc224377d\">Pobierz<\/a><\/div>\n\n\n\n<div data-wp-interactive=\"core\/file\" class=\"wp-block-file\"><object data-wp-bind--hidden=\"!state.hasPdfPreview\" hidden class=\"wp-block-file__embed\" data=\"http:\/\/rownoscszansanarozwoj.cityschool.pl\/wp-content\/uploads\/2026\/02\/ZALACZNIK-NR-5-DO-REGULAMINU-WYBORU-PROJEKTOWWYKAZ-MIAST-SREDNICH-TRACACYCH-FUNKCJE-SPOLECZNO-GOSPODARCZE-I-GMIN-ZAGROZONYCH-TRWALA-MARGINALIZACJA-.pdf\" type=\"application\/pdf\" style=\"width:100%;height:600px\" aria-label=\"Embed of ZA\u0141\u0104CZNIK NR 5 DO REGULAMINU WYBORU PROJEKT\u00d3WWYKAZ MIAST \u015aREDNICH TRAC\u0104CYCH FUNKCJE SPO\u0141ECZNO-GOSPODARCZE I GMIN ZAGRO\u017bONYCH TRWA\u0141\u0104 MARGINALIZACJ\u0104.\"><\/object><a id=\"wp-block-file--media-51014a3e-90a2-4251-9d25-5f9701a95125\" href=\"http:\/\/rownoscszansanarozwoj.cityschool.pl\/wp-content\/uploads\/2026\/02\/ZALACZNIK-NR-5-DO-REGULAMINU-WYBORU-PROJEKTOWWYKAZ-MIAST-SREDNICH-TRACACYCH-FUNKCJE-SPOLECZNO-GOSPODARCZE-I-GMIN-ZAGROZONYCH-TRWALA-MARGINALIZACJA-.pdf\">ZA\u0141\u0104CZNIK NR 5 DO REGULAMINU WYBORU PROJEKT\u00d3WWYKAZ MIAST \u015aREDNICH TRAC\u0104CYCH FUNKCJE SPO\u0141ECZNO-GOSPODARCZE I GMIN ZAGRO\u017bONYCH TRWA\u0141\u0104 MARGINALIZACJ\u0104<\/a><a href=\"http:\/\/rownoscszansanarozwoj.cityschool.pl\/wp-content\/uploads\/2026\/02\/ZALACZNIK-NR-5-DO-REGULAMINU-WYBORU-PROJEKTOWWYKAZ-MIAST-SREDNICH-TRACACYCH-FUNKCJE-SPOLECZNO-GOSPODARCZE-I-GMIN-ZAGROZONYCH-TRWALA-MARGINALIZACJA-.pdf\" class=\"wp-block-file__button wp-element-button\" download aria-describedby=\"wp-block-file--media-51014a3e-90a2-4251-9d25-5f9701a95125\">Pobierz<\/a><\/div>\n\n\n\n<p><\/p>\n\n\n\n<h2 class=\"wp-block-heading has-small-font-size\">Dokumenty rekrutacyjne dla I  typu projektu<\/h2>\n\n\n\n<div data-wp-interactive=\"core\/file\" class=\"wp-block-file\"><object data-wp-bind--hidden=\"!state.hasPdfPreview\" hidden class=\"wp-block-file__embed\" data=\"http:\/\/rownoscszansanarozwoj.cityschool.pl\/wp-content\/uploads\/2026\/02\/Kwestionariusz-Zal.-nr-1A-do-szczegolowych-zasad-rekrutacji-i-uczestnictwa-w-projekcie-dla-osob-bez-zatrudnienia-1.pdf\" type=\"application\/pdf\" style=\"width:100%;height:600px\" aria-label=\"Embed of Kwestionariusz - Za\u0142. nr 1A do szczeg\u00f3\u0142owych zasad rekrutacji i uczestnictwa w projekcie dla os\u00f3b bez zatrudnienia.\"><\/object><a id=\"wp-block-file--media-5d241596-10c6-45f7-aded-e28b35c43a94\" href=\"http:\/\/rownoscszansanarozwoj.cityschool.pl\/wp-content\/uploads\/2026\/02\/Kwestionariusz-Zal.-nr-1A-do-szczegolowych-zasad-rekrutacji-i-uczestnictwa-w-projekcie-dla-osob-bez-zatrudnienia-1.pdf\">Kwestionariusz &#8211; Za\u0142. nr 1A do szczeg\u00f3\u0142owych zasad rekrutacji i uczestnictwa w projekcie dla os\u00f3b bez zatrudnienia<\/a><a href=\"http:\/\/rownoscszansanarozwoj.cityschool.pl\/wp-content\/uploads\/2026\/02\/Kwestionariusz-Zal.-nr-1A-do-szczegolowych-zasad-rekrutacji-i-uczestnictwa-w-projekcie-dla-osob-bez-zatrudnienia-1.pdf\" class=\"wp-block-file__button wp-element-button\" download aria-describedby=\"wp-block-file--media-5d241596-10c6-45f7-aded-e28b35c43a94\">Pobierz<\/a><\/div>\n\n\n\n<div data-wp-interactive=\"core\/file\" class=\"wp-block-file\"><object data-wp-bind--hidden=\"!state.hasPdfPreview\" hidden class=\"wp-block-file__embed\" data=\"http:\/\/rownoscszansanarozwoj.cityschool.pl\/wp-content\/uploads\/2026\/02\/oswiadczenie-dni-wolne.pdf\" type=\"application\/pdf\" style=\"width:100%;height:600px\" aria-label=\"Embed of o\u015bwiadczenie dni wolne.\"><\/object><a id=\"wp-block-file--media-52eb2d51-8e29-4df2-8786-f3b3b6e77d73\" href=\"http:\/\/rownoscszansanarozwoj.cityschool.pl\/wp-content\/uploads\/2026\/02\/oswiadczenie-dni-wolne.pdf\">o\u015bwiadczenie dni wolne<\/a><a href=\"http:\/\/rownoscszansanarozwoj.cityschool.pl\/wp-content\/uploads\/2026\/02\/oswiadczenie-dni-wolne.pdf\" class=\"wp-block-file__button wp-element-button\" download aria-describedby=\"wp-block-file--media-52eb2d51-8e29-4df2-8786-f3b3b6e77d73\">Pobierz<\/a><\/div>\n\n\n\n<div data-wp-interactive=\"core\/file\" class=\"wp-block-file\"><object data-wp-bind--hidden=\"!state.hasPdfPreview\" hidden class=\"wp-block-file__embed\" data=\"http:\/\/rownoscszansanarozwoj.cityschool.pl\/wp-content\/uploads\/2026\/02\/Zal-nr-1-do-KZ-ankieta-dla-szczegolnych-potrzeb.pdf\" type=\"application\/pdf\" style=\"width:100%;height:600px\" aria-label=\"Embed of Za\u0142 nr 1 do KZ ankieta dla szczeg\u00f3lnych potrzeb.\"><\/object><a id=\"wp-block-file--media-332532b0-b271-4a4b-b6bc-6c662e6b25d1\" href=\"http:\/\/rownoscszansanarozwoj.cityschool.pl\/wp-content\/uploads\/2026\/02\/Zal-nr-1-do-KZ-ankieta-dla-szczegolnych-potrzeb.pdf\">Za\u0142 nr 1 do KZ ankieta dla szczeg\u00f3lnych potrzeb<\/a><a href=\"http:\/\/rownoscszansanarozwoj.cityschool.pl\/wp-content\/uploads\/2026\/02\/Zal-nr-1-do-KZ-ankieta-dla-szczegolnych-potrzeb.pdf\" class=\"wp-block-file__button wp-element-button\" download aria-describedby=\"wp-block-file--media-332532b0-b271-4a4b-b6bc-6c662e6b25d1\">Pobierz<\/a><\/div>\n\n\n\n<div data-wp-interactive=\"core\/file\" class=\"wp-block-file\"><object data-wp-bind--hidden=\"!state.hasPdfPreview\" hidden class=\"wp-block-file__embed\" data=\"http:\/\/rownoscszansanarozwoj.cityschool.pl\/wp-content\/uploads\/2026\/02\/zal.-nr-2-do-KZ-Oswiadczenie-o-posiadanym-doswiadczeniu-zawodowym.pdf\" type=\"application\/pdf\" style=\"width:100%;height:600px\" aria-label=\"Embed of za\u0142. nr 2 do KZ O\u015bwiadczenie o posiadanym do\u015bwiadczeniu zawodowym.\"><\/object><a id=\"wp-block-file--media-3f09d659-5f21-47ec-bb7b-ac44525966cf\" href=\"http:\/\/rownoscszansanarozwoj.cityschool.pl\/wp-content\/uploads\/2026\/02\/zal.-nr-2-do-KZ-Oswiadczenie-o-posiadanym-doswiadczeniu-zawodowym.pdf\">za\u0142. nr 2 do KZ O\u015bwiadczenie o posiadanym do\u015bwiadczeniu zawodowym<\/a><a href=\"http:\/\/rownoscszansanarozwoj.cityschool.pl\/wp-content\/uploads\/2026\/02\/zal.-nr-2-do-KZ-Oswiadczenie-o-posiadanym-doswiadczeniu-zawodowym.pdf\" class=\"wp-block-file__button wp-element-button\" download aria-describedby=\"wp-block-file--media-3f09d659-5f21-47ec-bb7b-ac44525966cf\">Pobierz<\/a><\/div>\n\n\n\n<div data-wp-interactive=\"core\/file\" class=\"wp-block-file\"><object data-wp-bind--hidden=\"!state.hasPdfPreview\" hidden class=\"wp-block-file__embed\" data=\"http:\/\/rownoscszansanarozwoj.cityschool.pl\/wp-content\/uploads\/2026\/02\/Oswiadczenie-zgoda-na-przeprowadzenie-dokumentacji-zdjeciowej.pdf\" type=\"application\/pdf\" style=\"width:100%;height:600px\" aria-label=\"Embed of O\u015bwiadczenie zgoda na przeprowadzenie dokumentacji zdj\u0119ciowej.\"><\/object><a id=\"wp-block-file--media-eed57dd8-2e8c-40d6-9fd6-ce5806bfc074\" href=\"http:\/\/rownoscszansanarozwoj.cityschool.pl\/wp-content\/uploads\/2026\/02\/Oswiadczenie-zgoda-na-przeprowadzenie-dokumentacji-zdjeciowej.pdf\">O\u015bwiadczenie zgoda na przeprowadzenie dokumentacji zdj\u0119ciowej<\/a><a href=\"http:\/\/rownoscszansanarozwoj.cityschool.pl\/wp-content\/uploads\/2026\/02\/Oswiadczenie-zgoda-na-przeprowadzenie-dokumentacji-zdjeciowej.pdf\" class=\"wp-block-file__button wp-element-button\" download aria-describedby=\"wp-block-file--media-eed57dd8-2e8c-40d6-9fd6-ce5806bfc074\">Pobierz<\/a><\/div>\n\n\n\n<p><\/p>\n<div class=\"gsp_post_data\" \r\n\t            data-post_type=\"page\" \r\n\t            data-cat=\"\" \r\n\t            data-modified=\"120\"\r\n\t            data-created=\"1769365280\"\r\n\t            data-title=\"REKRUTACJA\" \r\n\t            data-home=\"http:\/\/rownoscszansanarozwoj.cityschool.pl\"><\/div>","protected":false},"excerpt":{"rendered":"<p>Grup\u0119 docelow\u0105 stanowi&nbsp;276&nbsp;os\u00f3b (190K\/86M),&nbsp;zamieszkuj\u0105cych i\/lub pracuj\u0105cych na terenie woj. pomorskiego w rozumieniu przepis\u00f3w kodeksu cywilnego.&nbsp;&nbsp; Szczeg\u00f3\u0142owy podzia\u0142 grupy docelowej:&nbsp;&nbsp; Typ I: 60 kobiet pozostaj\u0105cych bez zatrudnienia&nbsp;zamieszkuj\u0105cych\/ucz\u0105cych si\u0119 w&nbsp;woj.&nbsp;pomorskim, z kt\u00f3rych co najmniej po\u0142owa tj.&nbsp;30os.&nbsp;to osoby nale\u017c\u0105ce do grup:&nbsp;&nbsp; Typ II: 216 pracodawc\u00f3w i ich pracownik\u00f3w (130K\/86M) zamieszkuj\u0105cych\/ pracuj\u0105cych\/ ucz\u0105cych&nbsp;si\u0119 w woj.&nbsp;pomorskim z min.&nbsp;54&nbsp;MMSP.&nbsp; Proces rekrutacji &hellip; <a href=\"http:\/\/rownoscszansanarozwoj.cityschool.pl\/?page_id=9\" class=\"more-link\">Continue reading<span class=\"screen-reader-text\"> &#8220;REKRUTACJA&#8221;<\/span><\/a><\/p>\n","protected":false},"author":1,"featured_media":0,"parent":0,"menu_order":0,"comment_status":"closed","ping_status":"closed","template":"sidebar-page.php","meta":{"footnotes":""},"class_list":["post-9","page","type-page","status-publish","hentry"],"_links":{"self":[{"href":"http:\/\/rownoscszansanarozwoj.cityschool.pl\/index.php?rest_route=\/wp\/v2\/pages\/9","targetHints":{"allow":["GET"]}}],"collection":[{"href":"http:\/\/rownoscszansanarozwoj.cityschool.pl\/index.php?rest_route=\/wp\/v2\/pages"}],"about":[{"href":"http:\/\/rownoscszansanarozwoj.cityschool.pl\/index.php?rest_route=\/wp\/v2\/types\/page"}],"author":[{"embeddable":true,"href":"http:\/\/rownoscszansanarozwoj.cityschool.pl\/index.php?rest_route=\/wp\/v2\/users\/1"}],"replies":[{"embeddable":true,"href":"http:\/\/rownoscszansanarozwoj.cityschool.pl\/index.php?rest_route=%2Fwp%2Fv2%2Fcomments&post=9"}],"version-history":[{"count":4,"href":"http:\/\/rownoscszansanarozwoj.cityschool.pl\/index.php?rest_route=\/wp\/v2\/pages\/9\/revisions"}],"predecessor-version":[{"id":70,"href":"http:\/\/rownoscszansanarozwoj.cityschool.pl\/index.php?rest_route=\/wp\/v2\/pages\/9\/revisions\/70"}],"wp:attachment":[{"href":"http:\/\/rownoscszansanarozwoj.cityschool.pl\/index.php?rest_route=%2Fwp%2Fv2%2Fmedia&parent=9"}],"curies":[{"name":"wp","href":"https:\/\/api.w.org\/{rel}","templated":true}]}}